{"id":13,"date":"2022-10-24T09:10:23","date_gmt":"2022-10-24T09:10:23","guid":{"rendered":"https:\/\/www.autojm.fr\/blog\/?page_id=13"},"modified":"2026-02-10T17:55:19","modified_gmt":"2026-02-10T15:55:19","slug":"blog-auto-jm","status":"publish","type":"page","link":"https:\/\/www.autojm.fr\/blog\/","title":{"rendered":"Blog de l&rsquo;automobile | AutoJM"},"content":{"rendered":"\n<p class=\"has-text-align-left\">R\u00e9f\u00e9rence en mati\u00e8re de traitement de l\u2019actualit\u00e9 automobile, le blog d\u2019AutoJM aborde l\u2019ensemble des sujets li\u00e9s au secteur de l\u2019auto comme l\u2019\u00e9conomie, l\u2019\u00e9cologie ou encore toute l\u2019actualit\u00e9 class\u00e9e par marques et mod\u00e8les de v\u00e9hicules. Au travers d&rsquo;articles, photos et autres vid\u00e9os, le blog d\u2019AutoJM vous fournit des informations sur les tendances du march\u00e9, les innovations technologiques des constructeurs, la r\u00e9glementation en vigueur ainsi que le d\u00e9veloppement du secteur automobile dans sa globalit\u00e9. <\/p>\n\n\n\n<p class=\"has-text-align-left\">Le blog d\u2019AutoJM vous apporte \u00e9galement son expertise gr\u00e2ce \u00e0 nos comparatifs et nos essais de v\u00e9hicules qui vous permettent d\u2019avoir une id\u00e9e pr\u00e9cise sur le fonctionnement des voitures thermiques (essence et diesel), hybrides (mild-hybrid, full-hybrid, hybride rechargeable) et \u00e9lectriques (moteur, batteries, bornes de recharge, c\u00e2bles&#8230;). <\/p>\n\n\n\n<p class=\"has-text-align-left\">Pour s\u2019informer sur l\u2019univers de l\u2019automobile, d\u00e9couvrez en d\u00e9tail nos dossiers, enqu\u00eates et th\u00e9matiques les plus populaires qui vous fournissent des indications pr\u00e9cieuses sur l\u2019utilisation de chaque mod\u00e8le de v\u00e9hicule en fonction de sa marque (Peugeot, Renault, Citro\u00ebn, Dacia, DS, Fiat, Ford, Kia, Opel, Nissan, Toyota, Volkswagen, Cupra, Audi&#8230;), de son type de carrosserie (berline, citadine, break, monospace, crossover\/SUV, utilitaire, combi), de sa finition et de ses options disponibles. <\/p>\n\n\n\n<p class=\"has-text-align-left\">Retrouvez enfin nos bons plans, conseils et astuces propres aux diff\u00e9rents modes de conduite, \u00e0 l\u2019entretien de votre voiture, aux \u00e9quipements recommand\u00e9s ou&nbsp;encore aux documents n\u00e9cessaires lors de l&rsquo;achat de v\u00e9hicules neufs et&nbsp;de v\u00e9hicules d\u2019occasion. Le blog d\u2019AutoJM vous permet par ailleurs de suivre toute l\u2019actualit\u00e9 automobile en continu et d&rsquo;avoir acc\u00e8s en permanence \u00e0 toutes les informations sur l\u2019univers des voitures (conception, fabrication, commercialisation). <\/p>\n\n\n\n<p class=\"has-text-align-left\">Entre transformation num\u00e9rique et nouvelles technologies, restez connect\u00e9 en toutes circonstances au blog d\u2019AutoJM afin de conna\u00eetre sur le bout des doigts l\u2019ensemble des acteurs de la fili\u00e8re automobile qui constitue un pilier essentiel de l\u2019\u00e9conomie. De quoi envisager sereinement l\u2019achat d\u2019une <a href=\"https:\/\/www.autojm.fr\/petit-prix\">voiture neuve pas ch\u00e8re<\/a> chez votre mandataire automobile multimarque AutoJM. \u00a0<\/p>\n\n\n\n<p><\/p>\n","protected":false},"excerpt":{"rendered":"<p>R\u00e9f\u00e9rence en mati\u00e8re de traitement de l\u2019actualit\u00e9 automobile, le blog d\u2019AutoJM aborde l\u2019ensemble des sujets li\u00e9s au secteur de l\u2019auto comme l\u2019\u00e9conomie, l\u2019\u00e9cologie ou encore toute l\u2019actualit\u00e9 class\u00e9e par marques et mod\u00e8les de v\u00e9hicules. Au travers d&rsquo;articles, photos et autres vid\u00e9os, le blog d\u2019AutoJM vous fournit des informations sur les tendances du march\u00e9, les innovations [&hellip;]<\/p>\n","protected":false},"author":1,"featured_media":0,"parent":0,"menu_order":0,"comment_status":"closed","ping_status":"closed","template":"template-homepage.php","meta":{"_acf_changed":false,"content-type":"","footnotes":""},"class_list":["post-13","page","type-page","status-publish","hentry"],"acf":[],"yoast_head":"<!-- This site is optimized with the Yoast SEO plugin v27.5 - https:\/\/yoast.com\/product\/yoast-seo-wordpress\/ -->\n<title>Blog de l&#039;automobile | AutoJM - AutoJM Mag<\/title>\n<meta name=\"description\" content=\"Toute l&#039;actualit\u00e9 automobile : essais, actualit\u00e9s, nouveaut\u00e9s, vid\u00e9os, conseils et astuces et bons plans auto\" \/>\n<meta name=\"robots\" content=\"index, follow, max-snippet:-1, max-image-preview:large, max-video-preview:-1\" \/>\n<link rel=\"canonical\" href=\"https:\/\/www.autojm.fr\/blog\/\" \/>\n<meta property=\"og:locale\" content=\"fr_FR\" \/>\n<meta property=\"og:type\" content=\"article\" \/>\n<meta property=\"og:title\" content=\"Blog de l&#039;automobile | AutoJM - AutoJM Mag\" \/>\n<meta property=\"og:description\" content=\"Toute l&#039;actualit\u00e9 automobile : essais, actualit\u00e9s, nouveaut\u00e9s, vid\u00e9os, conseils et astuces et bons plans auto\" \/>\n<meta property=\"og:url\" content=\"https:\/\/www.autojm.fr\/blog\/\" \/>\n<meta property=\"og:site_name\" content=\"AutoJM Mag\" \/>\n<meta property=\"article:publisher\" content=\"https:\/\/www.facebook.com\/AutoJM25\" \/>\n<meta property=\"article:modified_time\" content=\"2026-02-10T15:55:19+00:00\" \/>\n<meta name=\"twitter:card\" content=\"summary_large_image\" \/>\n<meta name=\"twitter:label1\" content=\"Dur\u00e9e de lecture estim\u00e9e\" \/>\n\t<meta name=\"twitter:data1\" content=\"2 minutes\" \/>\n<script type=\"application\/ld+json\" class=\"yoast-schema-graph\">{\"@context\":\"https:\\\/\\\/schema.org\",\"@graph\":[{\"@type\":\"WebPage\",\"@id\":\"https:\\\/\\\/www.autojm.fr\\\/blog\\\/\",\"url\":\"https:\\\/\\\/www.autojm.fr\\\/blog\\\/\",\"name\":\"Blog de l'automobile | AutoJM - AutoJM Mag\",\"isPartOf\":{\"@id\":\"https:\\\/\\\/www.autojm.fr\\\/blog\\\/#website\"},\"datePublished\":\"2022-10-24T09:10:23+00:00\",\"dateModified\":\"2026-02-10T15:55:19+00:00\",\"description\":\"Toute l'actualit\u00e9 automobile : essais, actualit\u00e9s, nouveaut\u00e9s, vid\u00e9os, conseils et astuces et bons plans auto\",\"breadcrumb\":{\"@id\":\"https:\\\/\\\/www.autojm.fr\\\/blog\\\/#breadcrumb\"},\"inLanguage\":\"fr-FR\",\"potentialAction\":[{\"@type\":\"ReadAction\",\"target\":[\"https:\\\/\\\/www.autojm.fr\\\/blog\\\/\"]}]},{\"@type\":\"BreadcrumbList\",\"@id\":\"https:\\\/\\\/www.autojm.fr\\\/blog\\\/#breadcrumb\",\"itemListElement\":[{\"@type\":\"ListItem\",\"position\":1,\"name\":\"Accueil\",\"item\":\"https:\\\/\\\/www.autojm.fr\\\/blog\\\/\"},{\"@type\":\"ListItem\",\"position\":2,\"name\":\"Blog de l&rsquo;automobile | AutoJM\"}]},{\"@type\":\"WebSite\",\"@id\":\"https:\\\/\\\/www.autojm.fr\\\/blog\\\/#website\",\"url\":\"https:\\\/\\\/www.autojm.fr\\\/blog\\\/\",\"name\":\"AutoJM Mag\",\"description\":\"Toute l&#039;actu auto en 1 clic !\",\"publisher\":{\"@id\":\"https:\\\/\\\/www.autojm.fr\\\/blog\\\/#organization\"},\"potentialAction\":[{\"@type\":\"SearchAction\",\"target\":{\"@type\":\"EntryPoint\",\"urlTemplate\":\"https:\\\/\\\/www.autojm.fr\\\/blog\\\/?s={search_term_string}\"},\"query-input\":{\"@type\":\"PropertyValueSpecification\",\"valueRequired\":true,\"valueName\":\"search_term_string\"}}],\"inLanguage\":\"fr-FR\"},{\"@type\":\"Organization\",\"@id\":\"https:\\\/\\\/www.autojm.fr\\\/blog\\\/#organization\",\"name\":\"AutoJM Mag\",\"url\":\"https:\\\/\\\/www.autojm.fr\\\/blog\\\/\",\"logo\":{\"@type\":\"ImageObject\",\"inLanguage\":\"fr-FR\",\"@id\":\"https:\\\/\\\/www.autojm.fr\\\/blog\\\/#\\\/schema\\\/logo\\\/image\\\/\",\"url\":\"https:\\\/\\\/www.autojm.fr\\\/blog\\\/wp-content\\\/uploads\\\/2022\\\/12\\\/cropped-AutoJMag-png.png\",\"contentUrl\":\"https:\\\/\\\/www.autojm.fr\\\/blog\\\/wp-content\\\/uploads\\\/2022\\\/12\\\/cropped-AutoJMag-png.png\",\"width\":2834,\"height\":585,\"caption\":\"AutoJM Mag\"},\"image\":{\"@id\":\"https:\\\/\\\/www.autojm.fr\\\/blog\\\/#\\\/schema\\\/logo\\\/image\\\/\"},\"sameAs\":[\"https:\\\/\\\/www.facebook.com\\\/AutoJM25\"]}]}<\/script>\n<!-- \/ Yoast SEO plugin. -->","yoast_head_json":{"title":"Blog de l'automobile | AutoJM - AutoJM Mag","description":"Toute l'actualit\u00e9 automobile : essais, actualit\u00e9s, nouveaut\u00e9s, vid\u00e9os, conseils et astuces et bons plans auto","robots":{"index":"index","follow":"follow","max-snippet":"max-snippet:-1","max-image-preview":"max-image-preview:large","max-video-preview":"max-video-preview:-1"},"canonical":"https:\/\/www.autojm.fr\/blog\/","og_locale":"fr_FR","og_type":"article","og_title":"Blog de l'automobile | AutoJM - AutoJM Mag","og_description":"Toute l'actualit\u00e9 automobile : essais, actualit\u00e9s, nouveaut\u00e9s, vid\u00e9os, conseils et astuces et bons plans auto","og_url":"https:\/\/www.autojm.fr\/blog\/","og_site_name":"AutoJM Mag","article_publisher":"https:\/\/www.facebook.com\/AutoJM25","article_modified_time":"2026-02-10T15:55:19+00:00","twitter_card":"summary_large_image","twitter_misc":{"Dur\u00e9e de lecture estim\u00e9e":"2 minutes"},"schema":{"@context":"https:\/\/schema.org","@graph":[{"@type":"WebPage","@id":"https:\/\/www.autojm.fr\/blog\/","url":"https:\/\/www.autojm.fr\/blog\/","name":"Blog de l'automobile | AutoJM - AutoJM Mag","isPartOf":{"@id":"https:\/\/www.autojm.fr\/blog\/#website"},"datePublished":"2022-10-24T09:10:23+00:00","dateModified":"2026-02-10T15:55:19+00:00","description":"Toute l'actualit\u00e9 automobile : essais, actualit\u00e9s, nouveaut\u00e9s, vid\u00e9os, conseils et astuces et bons plans auto","breadcrumb":{"@id":"https:\/\/www.autojm.fr\/blog\/#breadcrumb"},"inLanguage":"fr-FR","potentialAction":[{"@type":"ReadAction","target":["https:\/\/www.autojm.fr\/blog\/"]}]},{"@type":"BreadcrumbList","@id":"https:\/\/www.autojm.fr\/blog\/#breadcrumb","itemListElement":[{"@type":"ListItem","position":1,"name":"Accueil","item":"https:\/\/www.autojm.fr\/blog\/"},{"@type":"ListItem","position":2,"name":"Blog de l&rsquo;automobile | AutoJM"}]},{"@type":"WebSite","@id":"https:\/\/www.autojm.fr\/blog\/#website","url":"https:\/\/www.autojm.fr\/blog\/","name":"AutoJM Mag","description":"Toute l&#039;actu auto en 1 clic !","publisher":{"@id":"https:\/\/www.autojm.fr\/blog\/#organization"},"potentialAction":[{"@type":"SearchAction","target":{"@type":"EntryPoint","urlTemplate":"https:\/\/www.autojm.fr\/blog\/?s={search_term_string}"},"query-input":{"@type":"PropertyValueSpecification","valueRequired":true,"valueName":"search_term_string"}}],"inLanguage":"fr-FR"},{"@type":"Organization","@id":"https:\/\/www.autojm.fr\/blog\/#organization","name":"AutoJM Mag","url":"https:\/\/www.autojm.fr\/blog\/","logo":{"@type":"ImageObject","inLanguage":"fr-FR","@id":"https:\/\/www.autojm.fr\/blog\/#\/schema\/logo\/image\/","url":"https:\/\/www.autojm.fr\/blog\/wp-content\/uploads\/2022\/12\/cropped-AutoJMag-png.png","contentUrl":"https:\/\/www.autojm.fr\/blog\/wp-content\/uploads\/2022\/12\/cropped-AutoJMag-png.png","width":2834,"height":585,"caption":"AutoJM Mag"},"image":{"@id":"https:\/\/www.autojm.fr\/blog\/#\/schema\/logo\/image\/"},"sameAs":["https:\/\/www.facebook.com\/AutoJM25"]}]}},"_links":{"self":[{"href":"https:\/\/www.autojm.fr\/blog\/wp-json\/wp\/v2\/pages\/13","targetHints":{"allow":["GET"]}}],"collection":[{"href":"https:\/\/www.autojm.fr\/blog\/wp-json\/wp\/v2\/pages"}],"about":[{"href":"https:\/\/www.autojm.fr\/blog\/wp-json\/wp\/v2\/types\/page"}],"author":[{"embeddable":true,"href":"https:\/\/www.autojm.fr\/blog\/wp-json\/wp\/v2\/users\/1"}],"replies":[{"embeddable":true,"href":"https:\/\/www.autojm.fr\/blog\/wp-json\/wp\/v2\/comments?post=13"}],"version-history":[{"count":79,"href":"https:\/\/www.autojm.fr\/blog\/wp-json\/wp\/v2\/pages\/13\/revisions"}],"predecessor-version":[{"id":54230,"href":"https:\/\/www.autojm.fr\/blog\/wp-json\/wp\/v2\/pages\/13\/revisions\/54230"}],"wp:attachment":[{"href":"https:\/\/www.autojm.fr\/blog\/wp-json\/wp\/v2\/media?parent=13"}],"curies":[{"name":"wp","href":"https:\/\/api.w.org\/{rel}","templated":true}]}}